{"id":37294,"date":"2022-10-04T13:33:10","date_gmt":"2022-10-04T13:33:10","guid":{"rendered":"https:\/\/whishsports.com\/Blog\/?post_type=product&#038;p=37294"},"modified":"2025-01-10T11:57:15","modified_gmt":"2025-01-10T11:57:15","slug":"5-size-kinesiology-tape-muscle-bandage-sports-cotton-elastic-adhesive-strain-injury-tape-knee-muscle-pain-relief-stickers","status":"publish","type":"product","link":"https:\/\/whishsports.com\/Blog\/produit\/5-size-kinesiology-tape-muscle-bandage-sports-cotton-elastic-adhesive-strain-injury-tape-knee-muscle-pain-relief-stickers\/","title":{"rendered":"Bandage Kin\u00e9siologique \u00e9lastique Adh\u00e9sif  Pour les Muscles"},"content":{"rendered":"<p>&nbsp;<\/p>\n<pre id=\"tw-target-text\" class=\"tw-data-text tw-text-large tw-ta\" dir=\"ltr\" data-placeholder=\"Traduction\"><strong><span class=\"Y2IQFc\" lang=\"fr\">caract\u00e9ristiques<\/span><\/strong><\/pre>\n<p>100% tout neuf et de haute qualit\u00e9<br \/>\nProcure un soulagement des blessures, favorise la gu\u00e9rison, sans immobiliser les articulations ni restreindre le flux sanguin.<br \/>\nL&#8217;\u00e9tirement \u00e9limine l&#8217;irritation de la peau et l&#8217;amplitude compl\u00e8te des mouvements et peut \u00eatre utilis\u00e9 pour la compression pour aider \u00e0 la r\u00e9cup\u00e9ration ou pour la d\u00e9compression pour soulager la douleur et l&#8217;enflure.<br \/>\nAm\u00e9liorez le processus de gu\u00e9rison naturel du corps en aidant \u00e0 augmenter le flux sanguin autour du muscle.<br \/>\nD\u00e9tendez les muscles trop fatigu\u00e9s et soutenez les muscles en mouvement<br \/>\nNon restrictif, permettant une gamme compl\u00e8te de mouvements<br \/>\nEn utilisant de la colle 100% m\u00e9dicale, pas de souci d&#8217;allergie<br \/>\nImperm\u00e9able et respirant<br \/>\nAvec graduation au dos, pratique \u00e0 couper<\/p>\n<p><strong>Sp\u00e9cifications :<\/strong><\/p>\n<p>Nom: Kinesiology Tape<br \/>\nTaille: 2.5cm*5m \/ 3.8cm*5m \/ 5cm*5m \/ 7.5cm*5m \/10cm*5m(option)<br \/>\nCouleur: 14 couleurs et 5 Tailles .<br \/>\nMaterial: Cotton Kinesiology Tape<\/p>\n<p>Package Included:<\/p>\n<p>1 x Muscle Tape<\/p>\n<p><img data-recalc-dims=\"1\" decoding=\"async\" class=\"img-responsive\" src=\"https:\/\/i0.wp.com\/ae01.alicdn.com\/kf\/Hf35092771a4146a2a7618c167f87c4eaO.jpg?w=640&#038;ssl=1\" \/><img data-recalc-dims=\"1\" decoding=\"async\" class=\"img-responsive\" src=\"https:\/\/i0.wp.com\/ae01.alicdn.com\/kf\/Ha07db52b59474bde9e2056925d485c826.jpg?w=640&#038;ssl=1\" \/><img data-recalc-dims=\"1\" decoding=\"async\" class=\"img-responsive\" src=\"https:\/\/i0.wp.com\/ae01.alicdn.com\/kf\/Hdc0b3f5cf602441485050966f895602cF.jpg?w=640&#038;ssl=1\" \/><img data-recalc-dims=\"1\" decoding=\"async\" class=\"img-responsive\" src=\"https:\/\/i0.wp.com\/ae01.alicdn.com\/kf\/H11ce10573d88435f9a56e6c39ef76d66S.jpg?w=640&#038;ssl=1\" \/><img data-recalc-dims=\"1\" decoding=\"async\" class=\"img-responsive\" src=\"https:\/\/i0.wp.com\/ae01.alicdn.com\/kf\/Hed1ce907be564af8b26c82b64063d388c.jpg?w=640&#038;ssl=1\" \/><img data-recalc-dims=\"1\" decoding=\"async\" class=\"img-responsive\" src=\"https:\/\/i0.wp.com\/ae01.alicdn.com\/kf\/H298b247acf7e4965bb465969bcff45d1o.jpg?w=640&#038;ssl=1\" \/><img data-recalc-dims=\"1\" decoding=\"async\" class=\"img-responsive\" src=\"https:\/\/i0.wp.com\/ae01.alicdn.com\/kf\/H8e4c4197d3644b52a8f9f2ae6283e069P.jpg?w=640&#038;ssl=1\" \/><img data-recalc-dims=\"1\" decoding=\"async\" class=\"img-responsive\" src=\"https:\/\/i0.wp.com\/ae01.alicdn.com\/kf\/H842c4edf416c451fa635cfd0a98f5137H.jpg?w=640&#038;ssl=1\" \/><img data-recalc-dims=\"1\" decoding=\"async\" class=\"img-responsive\" src=\"https:\/\/i0.wp.com\/ae01.alicdn.com\/kf\/H5ffa269f65934af585142ce4119b1082R.jpg?w=640&#038;ssl=1\" \/><img data-recalc-dims=\"1\" decoding=\"async\" class=\"img-responsive\" src=\"https:\/\/i0.wp.com\/ae01.alicdn.com\/kf\/H9ca6f7f93ce44dda93cd13853ac28f051.jpg?w=640&#038;ssl=1\" \/><\/p>\n","protected":false},"excerpt":{"rendered":"<p>&nbsp; caract\u00e9ristiques 100% tout neuf et de haute qualit\u00e9 Procure un soulagement des blessures, favorise<\/p>\n","protected":false},"featured_media":37450,"comment_status":"open","ping_status":"closed","template":"","meta":{"nf_dc_page":"","om_disable_all_campaigns":false,"_monsterinsights_skip_tracking":false,"_monsterinsights_sitenote_active":false,"_monsterinsights_sitenote_note":"","_monsterinsights_sitenote_category":0},"product_brand":[],"product_cat":[117],"product_tag":[],"class_list":{"0":"post-37294","1":"product","2":"type-product","3":"status-publish","4":"has-post-thumbnail","6":"product_cat-non-classe","7":"pa_color-beige","8":"pa_color-black","9":"pa_color-blue-camo","10":"pa_color-dark-blue","11":"pa_color-dark-green","12":"pa_color-green-camo","13":"pa_color-light-blue","14":"pa_color-light-green","15":"pa_color-orange","16":"pa_color-pink","17":"pa_color-pink-camo","18":"pa_color-purple","19":"pa_color-red","20":"pa_color-white","21":"pa_color-yellow","22":"pa_size-10cm-x-500cm","23":"pa_size-2-5cm-x-500cm","24":"pa_size-3-8cm-x-500cm","25":"pa_size-5cm-x-500cm","26":"pa_size-7-5cm-x-500cm","28":"first","29":"instock","30":"sale","31":"shipping-taxable","32":"purchasable","33":"product-type-variable"},"yoast_head":"<!-- This site is optimized with the Yoast SEO plugin v27.5 - https:\/\/yoast.com\/product\/yoast-seo-wordpress\/ -->\n<title>Bandage Kin\u00e9siologique \u00e9lastique Adh\u00e9sif Pour les Muscles &#8211; The Sports of the world<\/title>\n<meta name=\"robots\" content=\"index, follow, max-snippet:-1, max-image-preview:large, max-video-preview:-1\" \/>\n<link rel=\"canonical\" href=\"https:\/\/whishsports.com\/Blog\/produit\/5-size-kinesiology-tape-muscle-bandage-sports-cotton-elastic-adhesive-strain-injury-tape-knee-muscle-pain-relief-stickers\/\" \/>\n<meta property=\"og:locale\" content=\"fr_FR\" \/>\n<meta property=\"og:type\" content=\"article\" \/>\n<meta property=\"og:title\" content=\"Bandage Kin\u00e9siologique \u00e9lastique Adh\u00e9sif Pour les Muscles &#8211; The Sports of the world\" \/>\n<meta property=\"og:description\" content=\"&nbsp; caract\u00e9ristiques 100% tout neuf et de haute qualit\u00e9 Procure un soulagement des blessures, favorise\" \/>\n<meta property=\"og:url\" content=\"https:\/\/whishsports.com\/Blog\/produit\/5-size-kinesiology-tape-muscle-bandage-sports-cotton-elastic-adhesive-strain-injury-tape-knee-muscle-pain-relief-stickers\/\" \/>\n<meta property=\"og:site_name\" content=\"The Sports of the world\" \/>\n<meta property=\"article:modified_time\" content=\"2025-01-10T11:57:15+00:00\" \/>\n<meta property=\"og:image\" content=\"https:\/\/ae01.alicdn.com\/kf\/H5ef153f4946548b7828de77d77e9d3d2j.jpg\" \/>\n\t<meta property=\"og:image:width\" content=\"800\" \/>\n\t<meta property=\"og:image:height\" content=\"800\" \/>\n\t<meta property=\"og:image:type\" content=\"image\/jpeg\" \/>\n<meta name=\"twitter:card\" content=\"summary_large_image\" \/>\n<meta name=\"twitter:label1\" content=\"Dur\u00e9e de lecture estim\u00e9e\" \/>\n\t<meta name=\"twitter:data1\" content=\"3 minutes\" \/>\n<script type=\"application\/ld+json\" class=\"yoast-schema-graph\">{\"@context\":\"https:\\\/\\\/schema.org\",\"@graph\":[{\"@type\":\"WebPage\",\"@id\":\"https:\\\/\\\/whishsports.com\\\/Blog\\\/produit\\\/5-size-kinesiology-tape-muscle-bandage-sports-cotton-elastic-adhesive-strain-injury-tape-knee-muscle-pain-relief-stickers\\\/\",\"url\":\"https:\\\/\\\/whishsports.com\\\/Blog\\\/produit\\\/5-size-kinesiology-tape-muscle-bandage-sports-cotton-elastic-adhesive-strain-injury-tape-knee-muscle-pain-relief-stickers\\\/\",\"name\":\"Bandage Kin\u00e9siologique \u00e9lastique Adh\u00e9sif Pour les Muscles &#8211; The Sports of the world\",\"isPartOf\":{\"@id\":\"https:\\\/\\\/whishsports.com\\\/Blog\\\/#website\"},\"primaryImageOfPage\":{\"@id\":\"https:\\\/\\\/whishsports.com\\\/Blog\\\/produit\\\/5-size-kinesiology-tape-muscle-bandage-sports-cotton-elastic-adhesive-strain-injury-tape-knee-muscle-pain-relief-stickers\\\/#primaryimage\"},\"image\":{\"@id\":\"https:\\\/\\\/whishsports.com\\\/Blog\\\/produit\\\/5-size-kinesiology-tape-muscle-bandage-sports-cotton-elastic-adhesive-strain-injury-tape-knee-muscle-pain-relief-stickers\\\/#primaryimage\"},\"thumbnailUrl\":\"https:\\\/\\\/i0.wp.com\\\/whishsports.com\\\/Blog\\\/wp-content\\\/uploads\\\/https%3A\\\/\\\/ae01.alicdn.com\\\/kf\\\/H5ef153f4946548b7828de77d77e9d3d2j.jpg?fit=800%2C800&ssl=1\",\"datePublished\":\"2022-10-04T13:33:10+00:00\",\"dateModified\":\"2025-01-10T11:57:15+00:00\",\"breadcrumb\":{\"@id\":\"https:\\\/\\\/whishsports.com\\\/Blog\\\/produit\\\/5-size-kinesiology-tape-muscle-bandage-sports-cotton-elastic-adhesive-strain-injury-tape-knee-muscle-pain-relief-stickers\\\/#breadcrumb\"},\"inLanguage\":\"fr-FR\",\"potentialAction\":[{\"@type\":\"ReadAction\",\"target\":[\"https:\\\/\\\/whishsports.com\\\/Blog\\\/produit\\\/5-size-kinesiology-tape-muscle-bandage-sports-cotton-elastic-adhesive-strain-injury-tape-knee-muscle-pain-relief-stickers\\\/\"]}]},{\"@type\":\"ImageObject\",\"inLanguage\":\"fr-FR\",\"@id\":\"https:\\\/\\\/whishsports.com\\\/Blog\\\/produit\\\/5-size-kinesiology-tape-muscle-bandage-sports-cotton-elastic-adhesive-strain-injury-tape-knee-muscle-pain-relief-stickers\\\/#primaryimage\",\"url\":\"https:\\\/\\\/i0.wp.com\\\/whishsports.com\\\/Blog\\\/wp-content\\\/uploads\\\/https%3A\\\/\\\/ae01.alicdn.com\\\/kf\\\/H5ef153f4946548b7828de77d77e9d3d2j.jpg?fit=800%2C800&ssl=1\",\"contentUrl\":\"https:\\\/\\\/i0.wp.com\\\/whishsports.com\\\/Blog\\\/wp-content\\\/uploads\\\/https%3A\\\/\\\/ae01.alicdn.com\\\/kf\\\/H5ef153f4946548b7828de77d77e9d3d2j.jpg?fit=800%2C800&ssl=1\",\"width\":800,\"height\":800,\"caption\":\"5 Size Kinesiology Tape Muscle Bandage Sports Cotton Elastic Adhesive Strain Injury Tape Knee Muscle Pain Relief Stickers 1\"},{\"@type\":\"BreadcrumbList\",\"@id\":\"https:\\\/\\\/whishsports.com\\\/Blog\\\/produit\\\/5-size-kinesiology-tape-muscle-bandage-sports-cotton-elastic-adhesive-strain-injury-tape-knee-muscle-pain-relief-stickers\\\/#breadcrumb\",\"itemListElement\":[{\"@type\":\"ListItem\",\"position\":1,\"name\":\"Home\",\"item\":\"https:\\\/\\\/whishsports.com\\\/Blog\\\/\"},{\"@type\":\"ListItem\",\"position\":2,\"name\":\"Boutique\",\"item\":\"https:\\\/\\\/whishsports.com\\\/Blog\\\/boutique\\\/\"},{\"@type\":\"ListItem\",\"position\":3,\"name\":\"Bandage Kin\u00e9siologique \u00e9lastique Adh\u00e9sif Pour les Muscles\"}]},{\"@type\":\"WebSite\",\"@id\":\"https:\\\/\\\/whishsports.com\\\/Blog\\\/#website\",\"url\":\"https:\\\/\\\/whishsports.com\\\/Blog\\\/\",\"name\":\"The Sports of the world\",\"description\":\"Know more about each sport around the world !\",\"publisher\":{\"@id\":\"https:\\\/\\\/whishsports.com\\\/Blog\\\/#\\\/schema\\\/person\\\/092c1757e2c0bf93e962ffa20c9f030f\"},\"potentialAction\":[{\"@type\":\"SearchAction\",\"target\":{\"@type\":\"EntryPoint\",\"urlTemplate\":\"https:\\\/\\\/whishsports.com\\\/Blog\\\/?s={search_term_string}\"},\"query-input\":{\"@type\":\"PropertyValueSpecification\",\"valueRequired\":true,\"valueName\":\"search_term_string\"}}],\"inLanguage\":\"fr-FR\"},{\"@type\":[\"Person\",\"Organization\"],\"@id\":\"https:\\\/\\\/whishsports.com\\\/Blog\\\/#\\\/schema\\\/person\\\/092c1757e2c0bf93e962ffa20c9f030f\",\"name\":\"Youssef Mdarhri\",\"image\":{\"@type\":\"ImageObject\",\"inLanguage\":\"fr-FR\",\"@id\":\"https:\\\/\\\/whishsports.com\\\/Blog\\\/wp-content\\\/cache\\\/swift-performance\\\/whishsports.com\\\/garvatar-cache\\\/ce089acd258df48c9104267b15b7edfd\",\"url\":\"https:\\\/\\\/whishsports.com\\\/Blog\\\/wp-content\\\/cache\\\/swift-performance\\\/whishsports.com\\\/garvatar-cache\\\/ce089acd258df48c9104267b15b7edfd\",\"contentUrl\":\"https:\\\/\\\/whishsports.com\\\/Blog\\\/wp-content\\\/cache\\\/swift-performance\\\/whishsports.com\\\/garvatar-cache\\\/ce089acd258df48c9104267b15b7edfd\",\"caption\":\"Youssef Mdarhri\"},\"logo\":{\"@id\":\"https:\\\/\\\/whishsports.com\\\/Blog\\\/wp-content\\\/cache\\\/swift-performance\\\/whishsports.com\\\/garvatar-cache\\\/ce089acd258df48c9104267b15b7edfd\"},\"sameAs\":[\"https:\\\/\\\/whishsports.com\"]}]}<\/script>\n<!-- \/ Yoast SEO plugin. -->","yoast_head_json":{"title":"Bandage Kin\u00e9siologique \u00e9lastique Adh\u00e9sif Pour les Muscles &#8211; The Sports of the world","robots":{"index":"index","follow":"follow","max-snippet":"max-snippet:-1","max-image-preview":"max-image-preview:large","max-video-preview":"max-video-preview:-1"},"canonical":"https:\/\/whishsports.com\/Blog\/produit\/5-size-kinesiology-tape-muscle-bandage-sports-cotton-elastic-adhesive-strain-injury-tape-knee-muscle-pain-relief-stickers\/","og_locale":"fr_FR","og_type":"article","og_title":"Bandage Kin\u00e9siologique \u00e9lastique Adh\u00e9sif Pour les Muscles &#8211; The Sports of the world","og_description":"&nbsp; caract\u00e9ristiques 100% tout neuf et de haute qualit\u00e9 Procure un soulagement des blessures, favorise","og_url":"https:\/\/whishsports.com\/Blog\/produit\/5-size-kinesiology-tape-muscle-bandage-sports-cotton-elastic-adhesive-strain-injury-tape-knee-muscle-pain-relief-stickers\/","og_site_name":"The Sports of the world","article_modified_time":"2025-01-10T11:57:15+00:00","og_image":[{"width":800,"height":800,"url":"https:\/\/ae01.alicdn.com\/kf\/H5ef153f4946548b7828de77d77e9d3d2j.jpg","type":"image\/jpeg"}],"twitter_card":"summary_large_image","twitter_misc":{"Dur\u00e9e de lecture estim\u00e9e":"3 minutes"},"schema":{"@context":"https:\/\/schema.org","@graph":[{"@type":"WebPage","@id":"https:\/\/whishsports.com\/Blog\/produit\/5-size-kinesiology-tape-muscle-bandage-sports-cotton-elastic-adhesive-strain-injury-tape-knee-muscle-pain-relief-stickers\/","url":"https:\/\/whishsports.com\/Blog\/produit\/5-size-kinesiology-tape-muscle-bandage-sports-cotton-elastic-adhesive-strain-injury-tape-knee-muscle-pain-relief-stickers\/","name":"Bandage Kin\u00e9siologique \u00e9lastique Adh\u00e9sif Pour les Muscles &#8211; The Sports of the world","isPartOf":{"@id":"https:\/\/whishsports.com\/Blog\/#website"},"primaryImageOfPage":{"@id":"https:\/\/whishsports.com\/Blog\/produit\/5-size-kinesiology-tape-muscle-bandage-sports-cotton-elastic-adhesive-strain-injury-tape-knee-muscle-pain-relief-stickers\/#primaryimage"},"image":{"@id":"https:\/\/whishsports.com\/Blog\/produit\/5-size-kinesiology-tape-muscle-bandage-sports-cotton-elastic-adhesive-strain-injury-tape-knee-muscle-pain-relief-stickers\/#primaryimage"},"thumbnailUrl":"https:\/\/i0.wp.com\/whishsports.com\/Blog\/wp-content\/uploads\/https%3A\/\/ae01.alicdn.com\/kf\/H5ef153f4946548b7828de77d77e9d3d2j.jpg?fit=800%2C800&ssl=1","datePublished":"2022-10-04T13:33:10+00:00","dateModified":"2025-01-10T11:57:15+00:00","breadcrumb":{"@id":"https:\/\/whishsports.com\/Blog\/produit\/5-size-kinesiology-tape-muscle-bandage-sports-cotton-elastic-adhesive-strain-injury-tape-knee-muscle-pain-relief-stickers\/#breadcrumb"},"inLanguage":"fr-FR","potentialAction":[{"@type":"ReadAction","target":["https:\/\/whishsports.com\/Blog\/produit\/5-size-kinesiology-tape-muscle-bandage-sports-cotton-elastic-adhesive-strain-injury-tape-knee-muscle-pain-relief-stickers\/"]}]},{"@type":"ImageObject","inLanguage":"fr-FR","@id":"https:\/\/whishsports.com\/Blog\/produit\/5-size-kinesiology-tape-muscle-bandage-sports-cotton-elastic-adhesive-strain-injury-tape-knee-muscle-pain-relief-stickers\/#primaryimage","url":"https:\/\/i0.wp.com\/whishsports.com\/Blog\/wp-content\/uploads\/https%3A\/\/ae01.alicdn.com\/kf\/H5ef153f4946548b7828de77d77e9d3d2j.jpg?fit=800%2C800&ssl=1","contentUrl":"https:\/\/i0.wp.com\/whishsports.com\/Blog\/wp-content\/uploads\/https%3A\/\/ae01.alicdn.com\/kf\/H5ef153f4946548b7828de77d77e9d3d2j.jpg?fit=800%2C800&ssl=1","width":800,"height":800,"caption":"5 Size Kinesiology Tape Muscle Bandage Sports Cotton Elastic Adhesive Strain Injury Tape Knee Muscle Pain Relief Stickers 1"},{"@type":"BreadcrumbList","@id":"https:\/\/whishsports.com\/Blog\/produit\/5-size-kinesiology-tape-muscle-bandage-sports-cotton-elastic-adhesive-strain-injury-tape-knee-muscle-pain-relief-stickers\/#breadcrumb","itemListElement":[{"@type":"ListItem","position":1,"name":"Home","item":"https:\/\/whishsports.com\/Blog\/"},{"@type":"ListItem","position":2,"name":"Boutique","item":"https:\/\/whishsports.com\/Blog\/boutique\/"},{"@type":"ListItem","position":3,"name":"Bandage Kin\u00e9siologique \u00e9lastique Adh\u00e9sif Pour les Muscles"}]},{"@type":"WebSite","@id":"https:\/\/whishsports.com\/Blog\/#website","url":"https:\/\/whishsports.com\/Blog\/","name":"The Sports of the world","description":"Know more about each sport around the world !","publisher":{"@id":"https:\/\/whishsports.com\/Blog\/#\/schema\/person\/092c1757e2c0bf93e962ffa20c9f030f"},"potentialAction":[{"@type":"SearchAction","target":{"@type":"EntryPoint","urlTemplate":"https:\/\/whishsports.com\/Blog\/?s={search_term_string}"},"query-input":{"@type":"PropertyValueSpecification","valueRequired":true,"valueName":"search_term_string"}}],"inLanguage":"fr-FR"},{"@type":["Person","Organization"],"@id":"https:\/\/whishsports.com\/Blog\/#\/schema\/person\/092c1757e2c0bf93e962ffa20c9f030f","name":"Youssef Mdarhri","image":{"@type":"ImageObject","inLanguage":"fr-FR","@id":"https:\/\/whishsports.com\/Blog\/wp-content\/cache\/swift-performance\/whishsports.com\/garvatar-cache\/ce089acd258df48c9104267b15b7edfd","url":"https:\/\/whishsports.com\/Blog\/wp-content\/cache\/swift-performance\/whishsports.com\/garvatar-cache\/ce089acd258df48c9104267b15b7edfd","contentUrl":"https:\/\/whishsports.com\/Blog\/wp-content\/cache\/swift-performance\/whishsports.com\/garvatar-cache\/ce089acd258df48c9104267b15b7edfd","caption":"Youssef Mdarhri"},"logo":{"@id":"https:\/\/whishsports.com\/Blog\/wp-content\/cache\/swift-performance\/whishsports.com\/garvatar-cache\/ce089acd258df48c9104267b15b7edfd"},"sameAs":["https:\/\/whishsports.com"]}]}},"jetpack_sharing_enabled":true,"_links":{"self":[{"href":"https:\/\/whishsports.com\/Blog\/wp-json\/wp\/v2\/product\/37294","targetHints":{"allow":["GET"]}}],"collection":[{"href":"https:\/\/whishsports.com\/Blog\/wp-json\/wp\/v2\/product"}],"about":[{"href":"https:\/\/whishsports.com\/Blog\/wp-json\/wp\/v2\/types\/product"}],"replies":[{"embeddable":true,"href":"https:\/\/whishsports.com\/Blog\/wp-json\/wp\/v2\/comments?post=37294"}],"wp:featuredmedia":[{"embeddable":true,"href":"https:\/\/whishsports.com\/Blog\/wp-json\/wp\/v2\/media\/37450"}],"wp:attachment":[{"href":"https:\/\/whishsports.com\/Blog\/wp-json\/wp\/v2\/media?parent=37294"}],"wp:term":[{"taxonomy":"product_brand","embeddable":true,"href":"https:\/\/whishsports.com\/Blog\/wp-json\/wp\/v2\/product_brand?post=37294"},{"taxonomy":"product_cat","embeddable":true,"href":"https:\/\/whishsports.com\/Blog\/wp-json\/wp\/v2\/product_cat?post=37294"},{"taxonomy":"product_tag","embeddable":true,"href":"https:\/\/whishsports.com\/Blog\/wp-json\/wp\/v2\/product_tag?post=37294"}],"curies":[{"name":"wp","href":"https:\/\/api.w.org\/{rel}","templated":true}]}}